{"id":20,"date":"2017-01-30T11:28:07","date_gmt":"2017-01-30T11:28:07","guid":{"rendered":"http:\/\/clasicasmontesa.org\/?page_id=20"},"modified":"2022-03-31T15:25:03","modified_gmt":"2022-03-31T15:25:03","slug":"inicio","status":"publish","type":"page","link":"https:\/\/clasicasmontesa.org\/index.php\/inicio\/","title":{"rendered":"Contacto"},"content":{"rendered":"<p><strong>CONTACTANOS<\/strong><\/p>\n<p>Si quieres contactar con nosotros,<\/p>\n<p><strong>Whatsapp<\/strong> al tel\u00e9fono 622.238.889<\/p>\n<p><strong>Correo electr\u00f3nico <\/strong>a info@clasicasmontesa.org<\/p>\n<p><span style=\"color: #ff0000;\">Si no recibes el correo, revisa tu bandeja de entrada, as\u00ed como la de correo no deseado.<\/span><\/p>\n<p>Lee nuestra\u00a0<a href=\"http:\/\/clasicasmontesa.org\/index.php\/politica-de-cookies\/\" target=\"_blank\" rel=\"noopener noreferrer\">politica de privacidad y Cookies<\/a>\u00a0y\u00a0m<a href=\"http:\/\/clasicasmontesa.org\/index.php\/mas-informacion-sobre-las-cookies\/\" target=\"_blank\" rel=\"noopener noreferrer\">\u00e1s informaci\u00f3n sobre las cookies<\/a><\/p>","protected":false},"excerpt":{"rendered":"<p>CONTACTANOS Si quieres contactar con nosotros, Whatsapp al tel\u00e9fono 622.238.889 Correo electr\u00f3nico a info@clasicasmontesa.org Si no recibes el correo, revisa tu bandeja de entrada, as\u00ed como la de correo no deseado. Lee nuestra\u00a0politica de privacidad y Cookies\u00a0y\u00a0m\u00e1s informaci\u00f3n sobre las cookies<\/p>\n","protected":false},"author":1,"featured_media":1182,"parent":0,"menu_order":0,"comment_status":"closed","ping_status":"closed","template":"","meta":{"_monsterinsights_skip_tracking":false,"_monsterinsights_sitenote_active":false,"_monsterinsights_sitenote_note":"","_monsterinsights_sitenote_category":0,"footnotes":""},"class_list":["post-20","page","type-page","status-publish","has-post-thumbnail","hentry"],"_links":{"self":[{"href":"https:\/\/clasicasmontesa.org\/index.php\/wp-json\/wp\/v2\/pages\/20","targetHints":{"allow":["GET"]}}],"collection":[{"href":"https:\/\/clasicasmontesa.org\/index.php\/wp-json\/wp\/v2\/pages"}],"about":[{"href":"https:\/\/clasicasmontesa.org\/index.php\/wp-json\/wp\/v2\/types\/page"}],"author":[{"embeddable":true,"href":"https:\/\/clasicasmontesa.org\/index.php\/wp-json\/wp\/v2\/users\/1"}],"replies":[{"embeddable":true,"href":"https:\/\/clasicasmontesa.org\/index.php\/wp-json\/wp\/v2\/comments?post=20"}],"version-history":[{"count":19,"href":"https:\/\/clasicasmontesa.org\/index.php\/wp-json\/wp\/v2\/pages\/20\/revisions"}],"predecessor-version":[{"id":1663,"href":"https:\/\/clasicasmontesa.org\/index.php\/wp-json\/wp\/v2\/pages\/20\/revisions\/1663"}],"wp:featuredmedia":[{"embeddable":true,"href":"https:\/\/clasicasmontesa.org\/index.php\/wp-json\/wp\/v2\/media\/1182"}],"wp:attachment":[{"href":"https:\/\/clasicasmontesa.org\/index.php\/wp-json\/wp\/v2\/media?parent=20"}],"curies":[{"name":"wp","href":"https:\/\/api.w.org\/{rel}","templated":true}]}}