{"id":21,"date":"2017-01-30T11:28:07","date_gmt":"2017-01-30T11:28:07","guid":{"rendered":"http:\/\/clasicasmontesa.org\/?page_id=21"},"modified":"2017-08-17T18:52:13","modified_gmt":"2017-08-17T18:52:13","slug":"acerca-de","status":"publish","type":"page","link":"https:\/\/clasicasmontesa.org\/index.php\/acerca-de\/","title":{"rendered":"AMCM Associaci\u00f3 de Motos Cl\u00e0ssiques Montesa"},"content":{"rendered":"<p>La Associaci\u00f3 de Motos Cl\u00e0ssiques Montesa, nace con la finalidad de preservar y fomentar, uno de los patrimonios industriales de nuestro pa\u00eds, del mundo de la motocicleta, que marc\u00f3 una \u00e9poca y generaciones enteras, como son las motocicletas cl\u00e1sicas de la marca Montesa.<\/p>\n<p>Somos una Associaci\u00f3 sin animo de lucro, con sede social en Gai\u00e0 (Barcelona), organizamos diferentes eventos y un encuentro anual de amantes y propietarios de motocicletas cl\u00e1sicas Montesa.<\/p>\n<p><img loading=\"lazy\" decoding=\"async\" class=\"alignnone size-medium wp-image-13\" src=\"http:\/\/clasicasmontesa.org\/wp-content\/uploads\/2017\/01\/AMCM-DEF-300x300.jpg\" alt=\"\" width=\"300\" height=\"300\" \/><\/p>","protected":false},"excerpt":{"rendered":"<p>La Associaci\u00f3 de Motos Cl\u00e0ssiques Montesa, nace con la finalidad de preservar y fomentar, uno de los patrimonios industriales de nuestro pa\u00eds, del mundo de la motocicleta, que marc\u00f3 una \u00e9poca y generaciones enteras, como son las motocicletas cl\u00e1sicas de la marca Montesa. Somos una Associaci\u00f3 sin animo de lucro, con sede social en Gai\u00e0 &hellip; <\/p>\n<p class=\"link-more\"><a href=\"https:\/\/clasicasmontesa.org\/index.php\/acerca-de\/\" class=\"more-link\">Continuar leyendo<span class=\"screen-reader-text\"> \u00abAMCM Associaci\u00f3 de Motos Cl\u00e0ssiques Montesa\u00bb<\/span><\/a><\/p>\n","protected":false},"author":1,"featured_media":62,"parent":0,"menu_order":0,"comment_status":"closed","ping_status":"closed","template":"","meta":{"_monsterinsights_skip_tracking":false,"_monsterinsights_sitenote_active":false,"_monsterinsights_sitenote_note":"","_monsterinsights_sitenote_category":0,"footnotes":""},"class_list":["post-21","page","type-page","status-publish","has-post-thumbnail","hentry"],"_links":{"self":[{"href":"https:\/\/clasicasmontesa.org\/index.php\/wp-json\/wp\/v2\/pages\/21","targetHints":{"allow":["GET"]}}],"collection":[{"href":"https:\/\/clasicasmontesa.org\/index.php\/wp-json\/wp\/v2\/pages"}],"about":[{"href":"https:\/\/clasicasmontesa.org\/index.php\/wp-json\/wp\/v2\/types\/page"}],"author":[{"embeddable":true,"href":"https:\/\/clasicasmontesa.org\/index.php\/wp-json\/wp\/v2\/users\/1"}],"replies":[{"embeddable":true,"href":"https:\/\/clasicasmontesa.org\/index.php\/wp-json\/wp\/v2\/comments?post=21"}],"version-history":[{"count":5,"href":"https:\/\/clasicasmontesa.org\/index.php\/wp-json\/wp\/v2\/pages\/21\/revisions"}],"predecessor-version":[{"id":385,"href":"https:\/\/clasicasmontesa.org\/index.php\/wp-json\/wp\/v2\/pages\/21\/revisions\/385"}],"wp:featuredmedia":[{"embeddable":true,"href":"https:\/\/clasicasmontesa.org\/index.php\/wp-json\/wp\/v2\/media\/62"}],"wp:attachment":[{"href":"https:\/\/clasicasmontesa.org\/index.php\/wp-json\/wp\/v2\/media?parent=21"}],"curies":[{"name":"wp","href":"https:\/\/api.w.org\/{rel}","templated":true}]}}