{"id":702,"date":"2019-03-26T19:27:16","date_gmt":"2019-03-26T19:27:16","guid":{"rendered":"http:\/\/clasicasmontesa.org\/?page_id=702"},"modified":"2024-08-18T11:36:30","modified_gmt":"2024-08-18T11:36:30","slug":"socios","status":"publish","type":"page","link":"https:\/\/clasicasmontesa.org\/index.php\/socios\/","title":{"rendered":"Socios"},"content":{"rendered":"<p>Quieres ayudar a contribuir en hacer m\u00e1s grande la Asociaci\u00f3n de Motos Cl\u00e1sicas Montesa?.<br \/><br \/>El apoyo de los socios es vital para asegurar que la Asociaci\u00f3n de Motos Cl\u00e1sicas Montesa pueda seguir siendo una referencia de las motocicletas cl\u00e1sicas Montesa y disfrutar juntos de ellas. Adem\u00e1s de dar este apoyo, como miembro de la Asociaci\u00f3n de Motos Cl\u00e1sicas Montesa puedes disfrutar de toda una serie de interesantes de ventajas.<\/p>\r\n\r\n<p>&nbsp;<\/p>\r\n\r\n<p><strong>Hazte Socio!<\/strong><\/p>\r\n\r\n\r\n\r\n<p>Por un donativo de <strong>30\u20ac anual<\/strong>, que destinaremos en mejoras para la Asociaci\u00f3n y siempre pensando en vuestro beneficio.<br \/><br \/>Que beneficios obtendr\u00e1s por ser socio?<br \/><br \/>&#8211; Obsequio de bienvenida<br \/>&#8211; Obsequio anual<br \/>&#8211; Descuento en la inscripci\u00f3n de la \u00abQuedada Montesista\u00bb<br \/>&#8211; Descuentos en recambios y talleres para tu Montesa.<\/p>\r\n\r\n<p>&nbsp;<\/p>\r\n\r\n<p>* Cada d\u00eda trabajamos en incluir nuevos beneficios para los socios<\/p>\r\n\r\n<p>&nbsp;<\/p>\r\n\r\n<p>Como me hago Socio?<br \/><br \/><strong>Si pagas por BIZUM<\/strong><br \/>Sigue desde el paso 2.<br \/><br \/><strong>Si pagas con\u00a0<\/strong><b>transferencia<br \/><\/b><br \/><b>1. Desc\u00e1rgate los datos bancarios para realizar el ingreso<\/b><br \/><a href=\"http:\/\/clasicasmontesa.org\/wp-content\/uploads\/2019\/04\/A5-datos-bancarios-socios.pdf\" target=\"_blank\" rel=\"noreferrer noopener\" aria-label=\" (abre en una nueva pesta\u00f1a)\">Archivo con los datos bancarios<\/a><br \/><br \/><strong>2. Rellena el formulario con todos los datos y adjunta el comprobante de la transferencia o realiza el pago por Bizum al 622.238.889<\/strong> (Indicar nombre y apellidos en el BIZUM o no se podr\u00e1 formalizar la inscripci\u00f3n)<\/p>\r\n\r\n\r\n\n<div class=\"wpcf7 no-js\" id=\"wpcf7-f706-o1\" lang=\"es-ES\" dir=\"ltr\" data-wpcf7-id=\"706\">\n<div class=\"screen-reader-response\"><p role=\"status\" aria-live=\"polite\" aria-atomic=\"true\"><\/p> <ul><\/ul><\/div>\n<form action=\"\/index.php\/wp-json\/wp\/v2\/pages\/702#wpcf7-f706-o1\" method=\"post\" class=\"wpcf7-form init\" aria-label=\"Formulario de contacto\" enctype=\"multipart\/form-data\" novalidate=\"novalidate\" data-status=\"init\">\n<div style=\"display: none;\">\n<input type=\"hidden\" name=\"_wpcf7\" value=\"706\" \/>\n<input type=\"hidden\" name=\"_wpcf7_version\" value=\"6.0.4\" \/>\n<input type=\"hidden\" name=\"_wpcf7_locale\" value=\"es_ES\" \/>\n<input type=\"hidden\" name=\"_wpcf7_unit_tag\" value=\"wpcf7-f706-o1\" \/>\n<input type=\"hidden\" name=\"_wpcf7_container_post\" value=\"0\" \/>\n<input type=\"hidden\" name=\"_wpcf7_posted_data_hash\" value=\"\" \/>\n<input type=\"hidden\" name=\"_wpcf7_recaptcha_response\" value=\"\" \/>\n<\/div>\n<p><label> DNI (requerido)<br \/>\n<span class=\"wpcf7-form-control-wrap\" data-name=\"text-735\"><input size=\"40\" maxlength=\"400\" class=\"wpcf7-form-control wpcf7-text wpcf7-validates-as-required\" aria-required=\"true\" aria-invalid=\"false\" value=\"\" type=\"text\" name=\"text-735\" \/><\/span> <\/label>\n<\/p>\n<p><label> Nombre (requerido)<br \/>\n<span class=\"wpcf7-form-control-wrap\" data-name=\"your-name\"><input size=\"40\" maxlength=\"400\" class=\"wpcf7-form-control wpcf7-text wpcf7-validates-as-required\" aria-required=\"true\" aria-invalid=\"false\" value=\"\" type=\"text\" name=\"your-name\" \/><\/span> <\/label>\n<\/p>\n<p><label> Apellidos (requerido)<br \/>\n<span class=\"wpcf7-form-control-wrap\" data-name=\"Apellidos\"><input size=\"40\" maxlength=\"400\" class=\"wpcf7-form-control wpcf7-text wpcf7-validates-as-required\" aria-required=\"true\" aria-invalid=\"false\" value=\"\" type=\"text\" name=\"Apellidos\" \/><\/span> <\/label>\n<\/p>\n<p><label> E-Mail (requerido)<br \/>\n<span class=\"wpcf7-form-control-wrap\" data-name=\"your-email\"><input size=\"40\" maxlength=\"400\" class=\"wpcf7-form-control wpcf7-email wpcf7-validates-as-required wpcf7-text wpcf7-validates-as-email\" aria-required=\"true\" aria-invalid=\"false\" value=\"\" type=\"email\" name=\"your-email\" \/><\/span> <\/label>\n<\/p>\n<p><label> Tel\u00e9fono (requerido)<br \/>\n<span class=\"wpcf7-form-control-wrap\" data-name=\"tel-511\"><input size=\"40\" maxlength=\"400\" class=\"wpcf7-form-control wpcf7-tel wpcf7-validates-as-required wpcf7-text wpcf7-validates-as-tel\" aria-required=\"true\" aria-invalid=\"false\" value=\"\" type=\"tel\" name=\"tel-511\" \/><\/span> <\/label>\n<\/p>\n<p><label> Direcci\u00f3n (requerido)<br \/>\n<span class=\"wpcf7-form-control-wrap\" data-name=\"text-594\"><input size=\"40\" maxlength=\"400\" class=\"wpcf7-form-control wpcf7-text wpcf7-validates-as-required\" aria-required=\"true\" aria-invalid=\"false\" value=\"\" type=\"text\" name=\"text-594\" \/><\/span><\/label>\n<\/p>\n<p><label> C\u00f3digo Postal (requerido)<br \/>\n<span class=\"wpcf7-form-control-wrap\" data-name=\"number-759\"><input class=\"wpcf7-form-control wpcf7-number wpcf7-validates-as-required wpcf7-validates-as-number\" aria-required=\"true\" aria-invalid=\"false\" value=\"\" type=\"number\" name=\"number-759\" \/><\/span><\/label>\n<\/p>\n<p><label> Poblaci\u00f3n (requerido)<br \/>\n<span class=\"wpcf7-form-control-wrap\" data-name=\"Poblacion\"><input size=\"40\" maxlength=\"400\" class=\"wpcf7-form-control wpcf7-text wpcf7-validates-as-required\" aria-required=\"true\" aria-invalid=\"false\" value=\"\" type=\"text\" name=\"Poblacion\" \/><\/span> <\/label>\n<\/p>\n<p><label> Provincia (requerido)<br \/>\n<span class=\"wpcf7-form-control-wrap\" data-name=\"Provincia\"><input size=\"40\" maxlength=\"400\" class=\"wpcf7-form-control wpcf7-text wpcf7-validates-as-required\" aria-required=\"true\" aria-invalid=\"false\" value=\"\" type=\"text\" name=\"Provincia\" \/><\/span> <\/label>\n<\/p>\n<p><label> Adjuntar comprobante de transfer\u00e9ncia bancaria en el siguiente enlace (PDF,JPG,JPEG,PNG m\u00e1ximo 20mb):<br \/>\n<\/label>\n<\/p>\n<p><span class=\"wpcf7-form-control-wrap\" data-name=\"file-615\"><input size=\"40\" class=\"wpcf7-form-control wpcf7-file\" accept=\".pdf,.jpg,.jpeg,.png\" aria-invalid=\"false\" type=\"file\" name=\"file-615\" \/><\/span>\n<\/p>\n<p><label> Si tuvieras problemas al adjuntar el archivo de la transferencia, env\u00edanoslo por mail a socios@clasicasmontesa.org <\/label>\n<\/p>\n<p><label> Observaciones<br \/>\n<span class=\"wpcf7-form-control-wrap\" data-name=\"textarea-433\"><textarea cols=\"40\" rows=\"10\" maxlength=\"2000\" class=\"wpcf7-form-control wpcf7-textarea\" aria-invalid=\"false\" name=\"textarea-433\"><\/textarea><\/span> <\/label>\n<\/p>\n<p><label> Los datos de car\u00e1cter personal proporcionadas a trav\u00e9s de esta web se incluir\u00e1n en un fichero de titularidad de la ASOCIACI\u00d3N DE MOTOS CL\u00c1SICAS MONTESA. Los datos de contacto solo se utilizar\u00e1n para tenerte informado como socio de la asociaci\u00f3n a trav\u00e9s de las diferentes publicaciones y el bolet\u00edn electr\u00f3nico. Los datos de car\u00e1cter personal no se ceder\u00e1n a terceros sin consentimiento previo. Se pueden ejercer los derechos de acceso, rectificaci\u00f3n, supresi\u00f3n, oposici\u00f3n y limitaci\u00f3n en el tratamiento de acuerdo con el que prev\u00e9 el Reglamento (UE) 2016\/679. <\/label>\n<\/p>\n<p>Al marcar la casilla confirmas que has le\u00eddo y aceptado esta pol\u00edtica de privacidad.\n<\/p>\n<p><span class=\"wpcf7-form-control-wrap\" data-name=\"acceptance-554\"><span class=\"wpcf7-form-control wpcf7-acceptance\"><span class=\"wpcf7-list-item\"><input type=\"checkbox\" name=\"acceptance-554\" value=\"1\" aria-invalid=\"false\" \/><\/span><\/span><\/span>\n<\/p>\n<p><label>\n\t<\/label>\n<\/p>\n<p><input class=\"wpcf7-form-control wpcf7-submit has-spinner\" type=\"submit\" value=\"Enviar\" \/>\n<\/p><div class=\"wpcf7-response-output\" aria-hidden=\"true\"><\/div>\n<\/form>\n<\/div>\n\n\r\n\r\n\r\n<p><strong>3. En unas semanas recibir\u00e1s tu carnet y obsequio como miembro de la Asociaci\u00f3n de Motos Cl\u00e1sicas Montesa.<\/strong><\/p>","protected":false},"excerpt":{"rendered":"<p>Quieres ayudar a contribuir en hacer m\u00e1s grande la Asociaci\u00f3n de Motos Cl\u00e1sicas Montesa?. El apoyo de los socios es vital para asegurar que la Asociaci\u00f3n de Motos Cl\u00e1sicas Montesa pueda seguir siendo una referencia de las motocicletas cl\u00e1sicas Montesa y disfrutar juntos de ellas. Adem\u00e1s de dar este apoyo, como miembro de la Asociaci\u00f3n &hellip; <\/p>\n<p class=\"link-more\"><a href=\"https:\/\/clasicasmontesa.org\/index.php\/socios\/\" class=\"more-link\">Continuar leyendo<span class=\"screen-reader-text\"> \u00abSocios\u00bb<\/span><\/a><\/p>\n","protected":false},"author":1,"featured_media":1254,"parent":0,"menu_order":0,"comment_status":"closed","ping_status":"closed","template":"","meta":{"_monsterinsights_skip_tracking":false,"_monsterinsights_sitenote_active":false,"_monsterinsights_sitenote_note":"","_monsterinsights_sitenote_category":0,"footnotes":""},"class_list":["post-702","page","type-page","status-publish","has-post-thumbnail","hentry"],"_links":{"self":[{"href":"https:\/\/clasicasmontesa.org\/index.php\/wp-json\/wp\/v2\/pages\/702","targetHints":{"allow":["GET"]}}],"collection":[{"href":"https:\/\/clasicasmontesa.org\/index.php\/wp-json\/wp\/v2\/pages"}],"about":[{"href":"https:\/\/clasicasmontesa.org\/index.php\/wp-json\/wp\/v2\/types\/page"}],"author":[{"embeddable":true,"href":"https:\/\/clasicasmontesa.org\/index.php\/wp-json\/wp\/v2\/users\/1"}],"replies":[{"embeddable":true,"href":"https:\/\/clasicasmontesa.org\/index.php\/wp-json\/wp\/v2\/comments?post=702"}],"version-history":[{"count":30,"href":"https:\/\/clasicasmontesa.org\/index.php\/wp-json\/wp\/v2\/pages\/702\/revisions"}],"predecessor-version":[{"id":1688,"href":"https:\/\/clasicasmontesa.org\/index.php\/wp-json\/wp\/v2\/pages\/702\/revisions\/1688"}],"wp:featuredmedia":[{"embeddable":true,"href":"https:\/\/clasicasmontesa.org\/index.php\/wp-json\/wp\/v2\/media\/1254"}],"wp:attachment":[{"href":"https:\/\/clasicasmontesa.org\/index.php\/wp-json\/wp\/v2\/media?parent=702"}],"curies":[{"name":"wp","href":"https:\/\/api.w.org\/{rel}","templated":true}]}}