{"id":746,"date":"2019-06-22T08:16:31","date_gmt":"2019-06-22T08:16:31","guid":{"rendered":"http:\/\/clasicasmontesa.org\/?page_id=746"},"modified":"2025-07-10T11:33:01","modified_gmt":"2025-07-10T11:33:01","slug":"inscripcion-8a-quedada-montesista","status":"publish","type":"page","link":"https:\/\/clasicasmontesa.org\/","title":{"rendered":"Inscripci\u00f3n 8\u00aa Quedada Montesista"},"content":{"rendered":"<p>ATENCI\u00d3N!<br \/>\n<span style=\"color: #ff0000;\">&#8211; Las inscripciones para la Quedada Montesista, son limitadas.<br \/>\n<\/span><span style=\"color: #ff0000;\">&#8211; Hasta que no se recibe el pago de la inscripci\u00f3n, esta no quedara tramitada correctamente.<br \/>\n&#8211; Si no se indica nombre y apellido de la persona inscrita, no se podr\u00e1 tramitar la inscripci\u00f3n.<\/span><\/p>\n<p>&nbsp;<\/p>\n<p>14\/9\/25 a las 8:30h en Gai\u00e0 (Barcelona)<\/p>\n<p><strong>Precios:<\/strong><br \/>\n45\u20ac Participante no socio con moto<br \/>\n20\u20ac Acompa\u00f1ante<br \/>\n35\u20ac Socio<\/p>\n<p>Quieres hacerte socio y aprovechar el descuento en la inscripci\u00f3n?<br \/>\nPincha aqu\u00ed -&gt; <a href=\"http:\/\/clasicasmontesa.org\/index.php\/socios\/\" target=\"_blank\" rel=\"noopener noreferrer\">Hacerme Socio<\/a><\/p>\n<p><strong>Como me inscribo?<\/strong><\/p>\n<ol>\n<li style=\"list-style-type: none;\">\n<ol>\n<li>Rellenar datos<\/li>\n<li>Realizar pago<\/li>\n<\/ol>\n<\/li>\n<\/ol>\n<p><strong>Por transferencia<\/strong><\/p>\n<p>ES23 2100 2904 0402 2442 0049<br \/>\nCarles Meseguer<br \/>\nAsunto: Inscripci\u00f3n 8 quedada, nombre y apellido<br \/>\nEnviar comprobante bancario a <a href=\"mailto:info@clasicasmontesa.org\">info@clasicasmontesa.org<\/a><\/p>\n<p><strong>Datos inscripci\u00f3n<\/strong><\/p>\n\n<div class=\"wpcf7 no-js\" id=\"wpcf7-f748-o1\" lang=\"es-ES\" dir=\"ltr\" data-wpcf7-id=\"748\">\n<div class=\"screen-reader-response\"><p role=\"status\" aria-live=\"polite\" aria-atomic=\"true\"><\/p> <ul><\/ul><\/div>\n<form action=\"\/index.php\/wp-json\/wp\/v2\/pages\/746#wpcf7-f748-o1\" method=\"post\" class=\"wpcf7-form init\" aria-label=\"Formulario de contacto\" novalidate=\"novalidate\" data-status=\"init\">\n<div style=\"display: none;\">\n<input type=\"hidden\" name=\"_wpcf7\" value=\"748\" \/>\n<input type=\"hidden\" name=\"_wpcf7_version\" value=\"6.0.4\" \/>\n<input type=\"hidden\" name=\"_wpcf7_locale\" value=\"es_ES\" \/>\n<input type=\"hidden\" name=\"_wpcf7_unit_tag\" value=\"wpcf7-f748-o1\" \/>\n<input type=\"hidden\" name=\"_wpcf7_container_post\" value=\"0\" \/>\n<input type=\"hidden\" name=\"_wpcf7_posted_data_hash\" value=\"\" \/>\n<input type=\"hidden\" name=\"_wpcf7_recaptcha_response\" value=\"\" \/>\n<\/div>\n<p><label> DNI (requerido)<br \/>\n<span class=\"wpcf7-form-control-wrap\" data-name=\"dni\"><input size=\"40\" maxlength=\"400\" class=\"wpcf7-form-control wpcf7-text wpcf7-validates-as-required\" aria-required=\"true\" aria-invalid=\"false\" value=\"\" type=\"text\" name=\"dni\" \/><\/span> <\/label>\n<\/p>\n<p><label> Nombre (requerido)<br \/>\n<span class=\"wpcf7-form-control-wrap\" data-name=\"nombre\"><input size=\"40\" maxlength=\"400\" class=\"wpcf7-form-control wpcf7-text wpcf7-validates-as-required\" aria-required=\"true\" aria-invalid=\"false\" value=\"\" type=\"text\" name=\"nombre\" \/><\/span> <\/label>\n<\/p>\n<p><label> E-mail (requerido)<br \/>\n<span class=\"wpcf7-form-control-wrap\" data-name=\"email\"><input size=\"40\" maxlength=\"400\" class=\"wpcf7-form-control wpcf7-email wpcf7-validates-as-required wpcf7-text wpcf7-validates-as-email\" aria-required=\"true\" aria-invalid=\"false\" value=\"\" type=\"email\" name=\"email\" \/><\/span> <\/label>\n<\/p>\n<p><label> Tel\u00e9fono (requerido)<br \/>\n<span class=\"wpcf7-form-control-wrap\" data-name=\"tel-16\"><input size=\"40\" maxlength=\"400\" class=\"wpcf7-form-control wpcf7-tel wpcf7-validates-as-required wpcf7-text wpcf7-validates-as-tel\" aria-required=\"true\" aria-invalid=\"false\" value=\"\" type=\"tel\" name=\"tel-16\" \/><\/span> <\/label>\n<\/p>\n<p><label> Tel\u00e9fono en caso de emerg\u00e9ncia (requerido)<br \/>\n<span class=\"wpcf7-form-control-wrap\" data-name=\"tel-17\"><input size=\"40\" maxlength=\"400\" class=\"wpcf7-form-control wpcf7-tel wpcf7-validates-as-required wpcf7-text wpcf7-validates-as-tel\" aria-required=\"true\" aria-invalid=\"false\" value=\"\" type=\"tel\" name=\"tel-17\" \/><\/span> <\/label>\n<\/p>\n<p><label> Inscripci\u00f3n como (requerido)<br \/>\n<span class=\"wpcf7-form-control-wrap\" data-name=\"menu-326\"><select class=\"wpcf7-form-control wpcf7-select wpcf7-validates-as-required\" aria-required=\"true\" aria-invalid=\"false\" name=\"menu-326\"><option value=\"Conductor\">Conductor<\/option><option value=\"Acompa\u00f1ante\">Acompa\u00f1ante<\/option><\/select><\/span> <\/label>\n<\/p>\n<p><label> Talla camiseta (requerido)<br \/>\n<span class=\"wpcf7-form-control-wrap\" data-name=\"menu-336\"><select class=\"wpcf7-form-control wpcf7-select wpcf7-validates-as-required\" aria-required=\"true\" aria-invalid=\"false\" name=\"menu-336\"><option value=\"3XL\">3XL<\/option><option value=\"2XL\">2XL<\/option><option value=\"XL\">XL<\/option><option value=\"L\">L<\/option><option value=\"M\">M<\/option><option value=\"S\">S<\/option><\/select><\/span><\/label>\n<\/p>\n<p><label> Ruta seleccionada: (requerido)<br \/>\n<span class=\"wpcf7-form-control-wrap\" data-name=\"menu-26\"><select class=\"wpcf7-form-control wpcf7-select wpcf7-validates-as-required\" aria-required=\"true\" aria-invalid=\"false\" name=\"menu-26\"><option value=\"Asfalto\">Asfalto<\/option><option value=\"Tierra\">Tierra<\/option><\/select><\/span> <\/label>\n<\/p>\n<p><label> Eres socio? (requerido)<br \/>\n<span class=\"wpcf7-form-control-wrap\" data-name=\"menu-301\"><select class=\"wpcf7-form-control wpcf7-select wpcf7-validates-as-required\" aria-required=\"true\" aria-invalid=\"false\" name=\"menu-301\"><option value=\"No\">No<\/option><option value=\"Si\">Si<\/option><\/select><\/span> <\/label>\n<\/p>\n<p><label> Modelos Montesas Inscritas (requerido)<br \/>\n<span class=\"wpcf7-form-control-wrap\" data-name=\"textarea-453\"><textarea cols=\"40\" rows=\"10\" maxlength=\"2000\" class=\"wpcf7-form-control wpcf7-textarea wpcf7-validates-as-required\" aria-required=\"true\" aria-invalid=\"false\" name=\"textarea-453\"><\/textarea><\/span> <\/label>\n<\/p>\n<p><span class=\"wpcf7-form-control-wrap\" data-name=\"acceptance-177\"><span class=\"wpcf7-form-control wpcf7-acceptance\"><span class=\"wpcf7-list-item\"><label><input type=\"checkbox\" name=\"acceptance-177\" value=\"1\" aria-invalid=\"false\" \/><span class=\"wpcf7-list-item-label\">Acepto, que soy responsable de mis actos, de velar por la buena convivencia y civismo durante el transcurso de las rutas, as\u00ed como el \u00fanico responsable de la moto que piloto durante la 8\u00aa Quedada Montesista, quedando excluida de cualquier responsabilidad la organizaci\u00f3n del evento \"Associaci\u00f3 de Motos Cl\u00e0ssiques Montesa\".\nMe comprometo a respetar las normas e indicaciones realizadas por la organizaci\u00f3n, as\u00ed como ser respetuoso con el entorno y medio ambiente.<\/span><\/label><\/span><\/span><\/span>\n<\/p>\n<p><label>\n\t<\/label>\n<\/p>\n<p><input class=\"wpcf7-form-control wpcf7-submit has-spinner\" type=\"submit\" value=\"Enviar\" \/>\n<\/p><div class=\"wpcf7-response-output\" aria-hidden=\"true\"><\/div>\n<\/form>\n<\/div>\n\n<hr \/>\n<p>Associaci\u00f3 de Motos Cl\u00e0ssiques Montesa\u00a0 garantiza el cumplimiento de la normativa vigente en materia de protecci\u00f3n de datos personales, reflejada en la Ley Org\u00e1nica 15\/1999 de 13 de diciembre, de Protecci\u00f3n de Datos de Car\u00e1cter Personal y en el Real Decreto 1720\/2007, de 21 diciembre, por el que se aprueba el Reglamento de Desarrollo de la LOPD.<br \/>\nEl uso de esta web implica la aceptaci\u00f3n de esta pol\u00edtica de privacidad<\/p>\n<p>&nbsp;<\/p>\n<p><img loading=\"lazy\" decoding=\"async\" class=\" wp-image-1706\" src=\"https:\/\/clasicasmontesa.org\/wp-content\/uploads\/2025\/07\/1751878167038-212x300.jpg\" alt=\"\" width=\"314\" height=\"445\" srcset=\"https:\/\/clasicasmontesa.org\/wp-content\/uploads\/2025\/07\/1751878167038-212x300.jpg 212w, https:\/\/clasicasmontesa.org\/wp-content\/uploads\/2025\/07\/1751878167038-724x1024.jpg 724w, https:\/\/clasicasmontesa.org\/wp-content\/uploads\/2025\/07\/1751878167038-768x1086.jpg 768w, https:\/\/clasicasmontesa.org\/wp-content\/uploads\/2025\/07\/1751878167038-1086x1536.jpg 1086w, https:\/\/clasicasmontesa.org\/wp-content\/uploads\/2025\/07\/1751878167038-1449x2048.jpg 1449w, https:\/\/clasicasmontesa.org\/wp-content\/uploads\/2025\/07\/1751878167038-scaled.jpg 1811w\" sizes=\"auto, (max-width: 314px) 100vw, 314px\" \/><\/p>","protected":false},"excerpt":{"rendered":"<p>ATENCI\u00d3N! &#8211; Las inscripciones para la Quedada Montesista, son limitadas. &#8211; Hasta que no se recibe el pago de la inscripci\u00f3n, esta no quedara tramitada correctamente. &#8211; Si no se indica nombre y apellido de la persona inscrita, no se podr\u00e1 tramitar la inscripci\u00f3n. &nbsp; 14\/9\/25 a las 8:30h en Gai\u00e0 (Barcelona) Precios: 45\u20ac Participante &hellip; <\/p>\n<p class=\"link-more\"><a href=\"https:\/\/clasicasmontesa.org\/\" class=\"more-link\">Continuar leyendo<span class=\"screen-reader-text\"> \u00abInscripci\u00f3n 8\u00aa Quedada Montesista\u00bb<\/span><\/a><\/p>\n","protected":false},"author":1,"featured_media":1706,"parent":0,"menu_order":0,"comment_status":"closed","ping_status":"closed","template":"","meta":{"_monsterinsights_skip_tracking":false,"_monsterinsights_sitenote_active":false,"_monsterinsights_sitenote_note":"","_monsterinsights_sitenote_category":0,"footnotes":""},"class_list":["post-746","page","type-page","status-publish","has-post-thumbnail","hentry"],"_links":{"self":[{"href":"https:\/\/clasicasmontesa.org\/index.php\/wp-json\/wp\/v2\/pages\/746","targetHints":{"allow":["GET"]}}],"collection":[{"href":"https:\/\/clasicasmontesa.org\/index.php\/wp-json\/wp\/v2\/pages"}],"about":[{"href":"https:\/\/clasicasmontesa.org\/index.php\/wp-json\/wp\/v2\/types\/page"}],"author":[{"embeddable":true,"href":"https:\/\/clasicasmontesa.org\/index.php\/wp-json\/wp\/v2\/users\/1"}],"replies":[{"embeddable":true,"href":"https:\/\/clasicasmontesa.org\/index.php\/wp-json\/wp\/v2\/comments?post=746"}],"version-history":[{"count":30,"href":"https:\/\/clasicasmontesa.org\/index.php\/wp-json\/wp\/v2\/pages\/746\/revisions"}],"predecessor-version":[{"id":1710,"href":"https:\/\/clasicasmontesa.org\/index.php\/wp-json\/wp\/v2\/pages\/746\/revisions\/1710"}],"wp:featuredmedia":[{"embeddable":true,"href":"https:\/\/clasicasmontesa.org\/index.php\/wp-json\/wp\/v2\/media\/1706"}],"wp:attachment":[{"href":"https:\/\/clasicasmontesa.org\/index.php\/wp-json\/wp\/v2\/media?parent=746"}],"curies":[{"name":"wp","href":"https:\/\/api.w.org\/{rel}","templated":true}]}}