{"id":82,"date":"2017-01-30T16:05:31","date_gmt":"2017-01-30T16:05:31","guid":{"rendered":"http:\/\/clasicasmontesa.org\/index.php\/politica-de-cookies\/"},"modified":"2017-02-01T13:02:43","modified_gmt":"2017-02-01T13:02:43","slug":"politica-de-cookies","status":"publish","type":"page","link":"https:\/\/clasicasmontesa.org\/index.php\/politica-de-cookies\/","title":{"rendered":"Pol\u00edtica de cookies"},"content":{"rendered":"<p><\/p>\n<h1>Pol\u00edtica de cookies<\/h1>\n<p>Una <em>cookie<\/em> es un peque\u00f1o fichero de texto que se almacena en su navegador cuando visita casi cualquier p\u00e1gina web. Su utilidad es que la web sea capaz de recordar su visita cuando vuelva a navegar por esa p\u00e1gina. Las <em>cookies<\/em> suelen almacenar informaci\u00f3n de car\u00e1cter t\u00e9cnico, preferencias personales, personalizaci\u00f3n de contenidos, estad\u00edsticas de uso, enlaces a redes sociales, acceso a cuentas de usuario, etc. El objetivo de la <em>cookie<\/em> es adaptar el contenido de la web a su perfil y necesidades, sin <em>cookies<\/em> los servicios ofrecidos por cualquier p\u00e1gina se ver\u00edan mermados notablemente. Si desea consultar m\u00e1s informaci\u00f3n sobre qu\u00e9 son las <em>cookies<\/em>, qu\u00e9 almacenan, c\u00f3mo eliminarlas, desactivarlas, etc., <a href=\"http:\/\/clasicasmontesa.org\/index.php\/mas-informacion-sobre-las-cookies\/\">le rogamos se dirija a este enlace.<\/a><\/p>\n<h2>Cookies utilizadas en este sitio web<\/h2>\n<p>Siguiendo las directrices de la Agencia Espa\u00f1ola de Protecci\u00f3n de Datos procedemos a detallar el uso de <em>cookies<\/em> que hace esta web con el fin de informarle con la m\u00e1xima exactitud posible.<\/p>\n<p>Este sitio web utiliza las siguientes <strong>cookies propias<\/strong>:<\/p>\n<ul>\n<li>Cookies de sesi\u00f3n, para garantizar que los usuarios que escriban comentarios en el blog sean humanos y no aplicaciones automatizadas. De esta forma se combate el <em>spam<\/em>.<\/li>\n<\/ul>\n<p>Este sitio web utiliza las siguientes <strong>cookies de terceros<\/strong>:<\/p>\n<ul>\n<li>Google Analytics: Almacena <em>cookies<\/em> para poder elaborar estad\u00edsticas sobre el tr\u00e1fico y volumen de visitas de esta web. Al utilizar este sitio web est\u00e1 consintiendo el tratamiento de informaci\u00f3n acerca de usted por Google. Por tanto, el ejercicio de cualquier derecho en este sentido deber\u00e1 hacerlo comunicando directamente con Google.<\/li>\n<li>Redes sociales: Cada red social utiliza sus propias <em>cookies<\/em> para que usted pueda pinchar en botones del tipo <em>Me gusta<\/em> o <em>Compartir<\/em>.<\/li>\n<\/ul>\n<h2>Desactivaci\u00f3n o eliminaci\u00f3n de cookies<\/h2>\n<p>En cualquier momento podr\u00e1 ejercer su derecho de desactivaci\u00f3n o eliminaci\u00f3n de cookies de este sitio web. Estas acciones se realizan de forma diferente en funci\u00f3n del navegador que est\u00e9 usando. <a href=\"http:\/\/clasicasmontesa.org\/index.php\/mas-informacion-sobre-las-cookies\/#navegadores\">Aqu\u00ed le dejamos una gu\u00eda r\u00e1pida para los navegadores m\u00e1s populares<\/a>.<\/p>\n<h2>Notas adicionales<\/h2>\n<ul>\n<li>Ni esta web ni sus representantes legales se hacen responsables ni del contenido ni de la veracidad de las pol\u00edticas de privacidad que puedan tener los terceros mencionados en esta pol\u00edtica de <em>cookies<\/em>.<\/li>\n<li>Los navegadores web son las herramientas encargadas de almacenar las <em>cookies<\/em> y desde este lugar debe efectuar su derecho a eliminaci\u00f3n o desactivaci\u00f3n de las mismas. Ni esta web ni sus representantes legales pueden garantizar la correcta o incorrecta manipulaci\u00f3n de las <em>cookies<\/em> por parte de los mencionados navegadores.<\/li>\n<li>En algunos casos es necesario instalar <em>cookies<\/em> para que el navegador no olvide su decisi\u00f3n de no aceptaci\u00f3n de las mismas.<\/li>\n<li>En el caso de las <em>cookies<\/em> de Google Analytics, esta empresa almacena las <em>cookies<\/em> en servidores ubicados en Estados Unidos y se compromete a no compartirla con terceros, excepto en los casos en los que sea necesario para el funcionamiento del sistema o cuando la ley obligue a tal efecto. Seg\u00fan Google no guarda su direcci\u00f3n IP. Google Inc. es una compa\u00f1\u00eda adherida al Acuerdo de Puerto Seguro que garantiza que todos los datos transferidos ser\u00e1n tratados con un nivel de protecci\u00f3n acorde a la normativa europea. Puede consultar informaci\u00f3n detallada a este respecto <a href=\"http:\/\/safeharbor.export.gov\/companyinfo.aspx?id=16626\" target=\"_blank\">en este enlace<\/a>. Si desea informaci\u00f3n sobre el uso que Google da a las cookies <a href=\"https:\/\/developers.google.com\/analytics\/devguides\/collection\/analyticsjs\/cookie-usage?hl=es&amp;csw=1\" target=\"_blank\">le adjuntamos este otro enlace<\/a>.<\/li>\n<li>Para cualquier duda o consulta acerca de esta pol\u00edtica de <em>cookies<\/em> no dude en comunicarse con nosotros a trav\u00e9s de la secci\u00f3n de contacto.<\/li>\n<\/ul>\n<h1 class=\"entry-title\">Pol\u00edtica de privacidad<\/h1>\n<div class=\"entry-content\">\n<p><b>Pol\u00edtica de privacidad de\u00a0<\/b>Associaci\u00f3 de Motos Cl\u00e0ssiques Montesa<\/p>\n<p>Associaci\u00f3 de Motos Cl\u00e0ssiques Montesa desea poner en conocimiento de los usuarios de este blog su pol\u00edtica respecto del tratamiento y protecci\u00f3n de los datos de car\u00e1cter personal de los usuarios, que recoge de los mismos con motivo de la visualizaci\u00f3n del sitio o de la utilizaci\u00f3n de los servicios ofrecidos en el mismo. Por dato de car\u00e1cter personal se entender\u00e1 cualquier informaci\u00f3n num\u00e9rica, alfab\u00e9tica, gr\u00e1fica, fotogr\u00e1fica, ac\u00fastica o de cualquier otro tipo concerniente a personas f\u00edsicas identificadas o identificables.<\/p>\n<p>La recogida de datos personales, el tratamiento y su utilizaci\u00f3n posterior se sujetan a la legislaci\u00f3n vigente en Espa\u00f1a en materia de protecci\u00f3n de datos, establecida por la Ley Org\u00e1nica 15\/1999, de 13 de diciembre, de Protecci\u00f3n de Datos de Car\u00e1cter Personal (en adelante LOPD) y su normativa complementaria.<\/p>\n<p><strong>\u00bfCu\u00e1ndo se recogen datos de car\u00e1cter personal de los usuarios en el sitio web?<\/strong><\/p>\n<p>La recogida de datos de car\u00e1cter personal se realiza principalmente a trav\u00e9s del env\u00edo de un correo electr\u00f3nico a la direcci\u00f3n electr\u00f3nica admin [at] securityartwork.es. y mediante el formulario para realizar comentarios en el blog. No obstante, ninguno de los datos solicitados en este \u00faltimo (denominados \u201cAlias\u201d o \u201cWebsite\u201d) son obligatorios para la participaci\u00f3n en el blog.<\/p>\n<p>Si usted no desea que Associaci\u00f3 de Motos Cl\u00e0ssiques Montesa someta a tratamiento sus datos personales, le rogamos se abstenga de remitir correos electr\u00f3nicos, y de proporcionar datos que le identifiquen al realizar sus comentarios. En cualquier caso, Associaci\u00f3 de Motos Cl\u00e0ssiques Montesa le informar\u00e1 expresamente y de forma legible respecto de las condiciones en que se recogen datos personales y las finalidades con las que van a ser utilizados, de la obligaci\u00f3n de facilitarlos o no, de los derechos que asisten al usuario, de las condiciones en que se pueden ejercitar, y de cualquier otra informaci\u00f3n complementaria que resulte necesaria.<\/p>\n<p>Por tratamiento de datos personales se entender\u00e1 aquellas operaciones y procedimientos t\u00e9cnicos de car\u00e1cter automatizado o no, que permitan la recogida, grabaci\u00f3n, conservaci\u00f3n, elaboraci\u00f3n, modificaci\u00f3n, bloqueo y cancelaci\u00f3n, as\u00ed como las cesiones de datos que resulten de comunicaciones, consultas, interconexiones y transferencias.<\/p>\n<p><strong>Finalidad de la recogida y tratamiento de datos personales.<\/strong><\/p>\n<p>Respecto de los datos personales recogidos por e-mail, las finalidades de tratamiento ser\u00e1n las siguientes: contestar a su comunicaci\u00f3n y atender su solicitud de informaci\u00f3n. En este caso, la comunicaci\u00f3n de datos a Associaci\u00f3 de Motos Cl\u00e0ssiques Montesa debe ser veraz y actual.<\/p>\n<p>Respecto de los datos personales recogidos al realizar un comentario en el blog, la \u00fanica finalidad de su tratamiento es mostrar el comentario en la entrada correspondiente, de modo que otros usuarios puedan realizarla. En este caso, la comunicaci\u00f3n de datos es opcional (no es necesario identificarse para la realizaci\u00f3n de comentarios), pero en caso de ser proporcionados, deben ser o no identificativos, o veraces.<\/p>\n<p><strong>Derechos que asisten al usuario como titular de sus datos personales<\/strong><\/p>\n<p>El usuario podr\u00e1 en todo momento conocer que datos han sido recabados y tratados por Associaci\u00f3 de Motos Cl\u00e0ssiques Montesa sobre su persona; rectificar la informaci\u00f3n que resulte inexacta; cancelar dichos datos u oponerse a su tratamiento, limitado este \u00faltimo derecho a los casos en que no sea necesario su consentimiento para el tratamiento de sus datos, siempre que una ley no disponga lo contrario.<\/p>\n<p>El ejercicio de estos derechos por parte del usuario deber\u00e1 realizarse dirigiendo una comunicaci\u00f3n escrita, junto con la fotocopia del Documento Nacional de Identidad u otro medio v\u00e1lido en derecho que acredite la identidad del usuario, a la siguiente direcci\u00f3n: info@clasicasmontesa.org\u00a0Dicha comunicaci\u00f3n contendr\u00e1 la siguiente informaci\u00f3n:<\/p>\n<p>* Nombre y apellidos del usuario.<br \/>\n* Petici\u00f3n en que concreta la solicitud.<br \/>\n* Domicilio a efectos de notificaciones, fecha y firma del usuario.<br \/>\n* Documentos acreditativos de la petici\u00f3n que formula, en su caso.<\/p>\n<p>El ejercicio de estos derechos es personal\u00edsimo, por lo que \u00fanicamente el propio usuario podr\u00e1 ejercer dichos derechos respecto de los datos personales de los que es leg\u00edtimo titular. No obstante, y en los casos en que excepcionalmente se admita, el representante autorizado del usuario podr\u00e1 ejercitar los derechos que a este le asisten en los t\u00e9rminos expuestos, siempre que acompa\u00f1e la mencionada comunicaci\u00f3n con el documento acreditativo de tal representaci\u00f3n.<\/p>\n<p>El ejercicio de los citados derechos por un tercero no autorizado legalmente por el usuario, podr\u00eda suponer la comisi\u00f3n del delito de descubrimiento y revelaci\u00f3n de secretos previsto por el apartado segundo del art\u00edculo 197 del C\u00f3digo Penal, castigado con penas de prisi\u00f3n de uno a cuatro a\u00f1os y multa de doce a veinticuatro meses; sin perjuicio de otras consecuencias a las que debiera enfrentarse a consecuencia de cualesquiera acciones civiles o administrativas a las que tuvieran derecho tanto el usuario leg\u00edtimo titular de los datos personales, como Associaci\u00f3 de Motos Cl\u00e0ssiques Montesa.<\/p>\n<p>Sin perjuicio de lo dicho hasta ahora, dado el car\u00e1cter p\u00fablico del blog, como medida excepcional, y en aquellos casos en los que proceda, tales como infamias, difamaciones, o atentados contra la dignidad personal de terceros mediante la suplantaci\u00f3n de personalidad, podr\u00e1 enviarse un correo a info@clasicasmontesa.org exponiendo la petici\u00f3n y razones de la solicitud, que el equipo de administraci\u00f3n de este blog estudiar\u00e1 y resolver\u00e1 a la mayor prontitud posible.<\/p>\n<\/div>\n<p><\/p>","protected":false},"excerpt":{"rendered":"<p>Pol\u00edtica de cookies Una cookie es un peque\u00f1o fichero de texto que se almacena en su navegador cuando visita casi cualquier p\u00e1gina web. Su utilidad es que la web sea capaz de recordar su visita cuando vuelva a navegar por esa p\u00e1gina. Las cookies suelen almacenar informaci\u00f3n de car\u00e1cter t\u00e9cnico, preferencias personales, personalizaci\u00f3n de contenidos, &hellip; <\/p>\n<p class=\"link-more\"><a href=\"https:\/\/clasicasmontesa.org\/index.php\/politica-de-cookies\/\" class=\"more-link\">Continuar leyendo<span class=\"screen-reader-text\"> \u00abPol\u00edtica de cookies\u00bb<\/span><\/a><\/p>\n","protected":false},"author":1,"featured_media":0,"parent":0,"menu_order":0,"comment_status":"closed","ping_status":"closed","template":"","meta":{"_monsterinsights_skip_tracking":false,"_monsterinsights_sitenote_active":false,"_monsterinsights_sitenote_note":"","_monsterinsights_sitenote_category":0,"footnotes":""},"class_list":["post-82","page","type-page","status-publish","hentry"],"_links":{"self":[{"href":"https:\/\/clasicasmontesa.org\/index.php\/wp-json\/wp\/v2\/pages\/82","targetHints":{"allow":["GET"]}}],"collection":[{"href":"https:\/\/clasicasmontesa.org\/index.php\/wp-json\/wp\/v2\/pages"}],"about":[{"href":"https:\/\/clasicasmontesa.org\/index.php\/wp-json\/wp\/v2\/types\/page"}],"author":[{"embeddable":true,"href":"https:\/\/clasicasmontesa.org\/index.php\/wp-json\/wp\/v2\/users\/1"}],"replies":[{"embeddable":true,"href":"https:\/\/clasicasmontesa.org\/index.php\/wp-json\/wp\/v2\/comments?post=82"}],"version-history":[{"count":3,"href":"https:\/\/clasicasmontesa.org\/index.php\/wp-json\/wp\/v2\/pages\/82\/revisions"}],"predecessor-version":[{"id":136,"href":"https:\/\/clasicasmontesa.org\/index.php\/wp-json\/wp\/v2\/pages\/82\/revisions\/136"}],"wp:attachment":[{"href":"https:\/\/clasicasmontesa.org\/index.php\/wp-json\/wp\/v2\/media?parent=82"}],"curies":[{"name":"wp","href":"https:\/\/api.w.org\/{rel}","templated":true}]}}